{"id":2334,"date":"2026-03-30T17:47:27","date_gmt":"2026-03-30T15:47:27","guid":{"rendered":"https:\/\/www.beltramofratelli.com\/?page_id=2334"},"modified":"2026-03-30T18:10:01","modified_gmt":"2026-03-30T16:10:01","slug":"environnement","status":"publish","type":"page","link":"https:\/\/www.beltramofratelli.com\/fr\/environnement\/","title":{"rendered":"Environnement"},"content":{"rendered":"<h1 class=\"mb-4\">En signe de <span class=\"display-3\">gratitude<\/span><br \/>\nenvers la <span class=\"display-3\">Terre<\/span>.<\/h1>\n<p>La Nature est faite d&rsquo;\u00e9cosyst\u00e8mes o\u00f9 chacun a un r\u00f4le et un espace. Nous avons choisi le n\u00f4tre : celui de ceux qui savent prendre beaucoup d&rsquo;elle et, pour cette raison, doivent compenser.<\/p>\n<p>L&rsquo;entreprise autoproduit environ <strong>60 % de ses besoins \u00e0 partir de sources renouvelables<\/strong>, avec l&rsquo;objectif de devenir une entreprise \u00e0 impact z\u00e9ro.<\/p>\n","protected":false},"excerpt":{"rendered":"<p>En signe de gratitude envers la Terre. La Nature est faite d&rsquo;\u00e9cosyst\u00e8mes o\u00f9 chacun a un r\u00f4le et un espace. [&hellip;]<\/p>\n","protected":false},"author":1,"featured_media":870,"parent":0,"menu_order":0,"comment_status":"closed","ping_status":"closed","template":"tmp-ambiente.php","meta":{"_acf_changed":false,"footnotes":""},"class_list":["post-2334","page","type-page","status-publish","has-post-thumbnail","hentry"],"acf":[],"_links":{"self":[{"href":"https:\/\/www.beltramofratelli.com\/fr\/wp-json\/wp\/v2\/pages\/2334","targetHints":{"allow":["GET"]}}],"collection":[{"href":"https:\/\/www.beltramofratelli.com\/fr\/wp-json\/wp\/v2\/pages"}],"about":[{"href":"https:\/\/www.beltramofratelli.com\/fr\/wp-json\/wp\/v2\/types\/page"}],"author":[{"embeddable":true,"href":"https:\/\/www.beltramofratelli.com\/fr\/wp-json\/wp\/v2\/users\/1"}],"replies":[{"embeddable":true,"href":"https:\/\/www.beltramofratelli.com\/fr\/wp-json\/wp\/v2\/comments?post=2334"}],"version-history":[{"count":1,"href":"https:\/\/www.beltramofratelli.com\/fr\/wp-json\/wp\/v2\/pages\/2334\/revisions"}],"predecessor-version":[{"id":2335,"href":"https:\/\/www.beltramofratelli.com\/fr\/wp-json\/wp\/v2\/pages\/2334\/revisions\/2335"}],"wp:featuredmedia":[{"embeddable":true,"href":"https:\/\/www.beltramofratelli.com\/fr\/wp-json\/wp\/v2\/media\/870"}],"wp:attachment":[{"href":"https:\/\/www.beltramofratelli.com\/fr\/wp-json\/wp\/v2\/media?parent=2334"}],"curies":[{"name":"wp","href":"https:\/\/api.w.org\/{rel}","templated":true}]}}