{"id":2202,"date":"2026-03-30T16:28:05","date_gmt":"2026-03-30T14:28:05","guid":{"rendered":"https:\/\/www.beltramofratelli.com\/?page_id=2202"},"modified":"2026-03-30T17:16:04","modified_gmt":"2026-03-30T15:16:04","slug":"typologies-et-couleurs","status":"publish","type":"page","link":"https:\/\/www.beltramofratelli.com\/fr\/la-pierre-de-luserne\/typologies-et-couleurs\/","title":{"rendered":"Typologies et couleurs"},"content":{"rendered":"<h1 class=\"mb-4\">La <span class=\"display-3\">Pierre de Luserne<\/span><br \/>\nraconte une<br \/>\nhistoire <span class=\"display-3\">chromatique<\/span><\/h1>\n<p><img decoding=\"async\" class=\"img-fluid mb-3\" src=\"https:\/\/www.beltramofratelli.com\/wp-content\/uploads\/metropolitana-pietra-di-luserna.jpg\" data-aos=\"fade\" data-aos-duration=\"1000\" data-aos-delay=\"500\" \/><\/p>\n<h2>M\u00eame pierre,<br \/>\ndiff\u00e9rentes finitions de surface :<\/h2>\n<p>&nbsp;<br \/>\nFINITION FLAMM\u00c9E<br \/>\n<img decoding=\"async\" class=\"img-fluid mb-5 mt-3\" src=\"https:\/\/www.beltramofratelli.com\/wp-content\/uploads\/pietra-luserna-antica-corona-reale.jpg\" data-aos=\"fade\" data-aos-duration=\"1000\" data-aos-delay=\"500\" \/><\/p>\n<p>FINITION PLAN NATUREL OU CLIV\u00c9E<br \/>\n<img decoding=\"async\" class=\"img-fluid mb-5 mt-3\" src=\"https:\/\/www.beltramofratelli.com\/wp-content\/uploads\/pietra-di-luserna-pavimento-a-spacco.jpg\" data-aos=\"fade\" data-aos-duration=\"1000\" data-aos-delay=\"500\" \/><\/p>\n","protected":false},"excerpt":{"rendered":"<p>La Pierre de Luserne raconte une histoire chromatique M\u00eame pierre, diff\u00e9rentes finitions de surface : &nbsp; FINITION FLAMM\u00c9E FINITION PLAN [&hellip;]<\/p>\n","protected":false},"author":1,"featured_media":0,"parent":2190,"menu_order":0,"comment_status":"closed","ping_status":"closed","template":"tmp-interne-pietra-di-luserna.php","meta":{"_acf_changed":false,"footnotes":""},"class_list":["post-2202","page","type-page","status-publish","hentry"],"acf":[],"_links":{"self":[{"href":"https:\/\/www.beltramofratelli.com\/fr\/wp-json\/wp\/v2\/pages\/2202","targetHints":{"allow":["GET"]}}],"collection":[{"href":"https:\/\/www.beltramofratelli.com\/fr\/wp-json\/wp\/v2\/pages"}],"about":[{"href":"https:\/\/www.beltramofratelli.com\/fr\/wp-json\/wp\/v2\/types\/page"}],"author":[{"embeddable":true,"href":"https:\/\/www.beltramofratelli.com\/fr\/wp-json\/wp\/v2\/users\/1"}],"replies":[{"embeddable":true,"href":"https:\/\/www.beltramofratelli.com\/fr\/wp-json\/wp\/v2\/comments?post=2202"}],"version-history":[{"count":4,"href":"https:\/\/www.beltramofratelli.com\/fr\/wp-json\/wp\/v2\/pages\/2202\/revisions"}],"predecessor-version":[{"id":2214,"href":"https:\/\/www.beltramofratelli.com\/fr\/wp-json\/wp\/v2\/pages\/2202\/revisions\/2214"}],"up":[{"embeddable":true,"href":"https:\/\/www.beltramofratelli.com\/fr\/wp-json\/wp\/v2\/pages\/2190"}],"wp:attachment":[{"href":"https:\/\/www.beltramofratelli.com\/fr\/wp-json\/wp\/v2\/media?parent=2202"}],"curies":[{"name":"wp","href":"https:\/\/api.w.org\/{rel}","templated":true}]}}