{"id":2199,"date":"2026-03-30T16:26:48","date_gmt":"2026-03-30T14:26:48","guid":{"rendered":"https:\/\/www.beltramofratelli.com\/?page_id=2199"},"modified":"2026-03-30T17:08:01","modified_gmt":"2026-03-30T15:08:01","slug":"travail-de-la-pierre-de-luserne","status":"publish","type":"page","link":"https:\/\/www.beltramofratelli.com\/fr\/la-pierre-de-luserne\/travail-de-la-pierre-de-luserne\/","title":{"rendered":"Travail de la Pierre de Luserne"},"content":{"rendered":"<p><img decoding=\"async\" class=\"img-fluid mb-3\" src=\"https:\/\/www.beltramofratelli.com\/wp-content\/uploads\/lavorazione-pietra-di-luserna-tradizione-e-innovazione.jpg\" data-aos=\"fade\" data-aos-duration=\"1000\" data-aos-delay=\"500\" \/><\/p>\n<h1 class=\"mb-4\"><span class=\"display-3\">Tradition<\/span> et<br \/>\nInnovation<\/h1>\n<p>Aux c\u00f4t\u00e9s du<strong> savoir-faire artisanal<\/strong>, l\u2019utilisation d\u2019\u00e9quipements m\u00e9caniques \u00e0 commande num\u00e9rique occupe une place de plus en plus centrale, rendant possible la r\u00e9alisation de projets ambitieux,<strong> du b\u00e2timent public et priv\u00e9<\/strong> jusqu\u2019au <strong>secteur fun\u00e9raire<\/strong>.<\/p>\n<p><a class=\"btn btn-sm btn-primary text-uppercase mt-4\" title=\"Beltramo Fratelli - Transformations\" href=\"\/fr\/transformations\/\">D\u00e9couvrez les transformations<\/a><\/p>\n","protected":false},"excerpt":{"rendered":"<p>Tradition et Innovation Aux c\u00f4t\u00e9s du savoir-faire artisanal, l\u2019utilisation d\u2019\u00e9quipements m\u00e9caniques \u00e0 commande num\u00e9rique occupe une place de plus en [&hellip;]<\/p>\n","protected":false},"author":1,"featured_media":0,"parent":2190,"menu_order":0,"comment_status":"closed","ping_status":"closed","template":"tmp-interne-pietra-di-luserna.php","meta":{"_acf_changed":false,"footnotes":""},"class_list":["post-2199","page","type-page","status-publish","hentry"],"acf":[],"_links":{"self":[{"href":"https:\/\/www.beltramofratelli.com\/fr\/wp-json\/wp\/v2\/pages\/2199","targetHints":{"allow":["GET"]}}],"collection":[{"href":"https:\/\/www.beltramofratelli.com\/fr\/wp-json\/wp\/v2\/pages"}],"about":[{"href":"https:\/\/www.beltramofratelli.com\/fr\/wp-json\/wp\/v2\/types\/page"}],"author":[{"embeddable":true,"href":"https:\/\/www.beltramofratelli.com\/fr\/wp-json\/wp\/v2\/users\/1"}],"replies":[{"embeddable":true,"href":"https:\/\/www.beltramofratelli.com\/fr\/wp-json\/wp\/v2\/comments?post=2199"}],"version-history":[{"count":3,"href":"https:\/\/www.beltramofratelli.com\/fr\/wp-json\/wp\/v2\/pages\/2199\/revisions"}],"predecessor-version":[{"id":2211,"href":"https:\/\/www.beltramofratelli.com\/fr\/wp-json\/wp\/v2\/pages\/2199\/revisions\/2211"}],"up":[{"embeddable":true,"href":"https:\/\/www.beltramofratelli.com\/fr\/wp-json\/wp\/v2\/pages\/2190"}],"wp:attachment":[{"href":"https:\/\/www.beltramofratelli.com\/fr\/wp-json\/wp\/v2\/media?parent=2199"}],"curies":[{"name":"wp","href":"https:\/\/api.w.org\/{rel}","templated":true}]}}