{"id":2197,"date":"2026-03-30T16:25:41","date_gmt":"2026-03-30T14:25:41","guid":{"rendered":"https:\/\/www.beltramofratelli.com\/?page_id=2197"},"modified":"2026-03-30T16:43:36","modified_gmt":"2026-03-30T14:43:36","slug":"caracteristiques-de-la-pierre-de-luserne","status":"publish","type":"page","link":"https:\/\/www.beltramofratelli.com\/fr\/la-pierre-de-luserne\/caracteristiques-de-la-pierre-de-luserne\/","title":{"rendered":"Caract\u00e9ristiques de la Pierre de Luserne"},"content":{"rendered":"<p><img decoding=\"async\" src=\"https:\/\/www.beltramofratelli.com\/wp-content\/uploads\/pavimento-pietra-luserna-cubetti.jpg\" class=\"img-fluid mb-3\" data-aos=\"fade\" data-aos-duration=\"1000\" data-aos-delay=\"500\" \/><\/p>\n<h1 class=\"mb-4\">Une pierre <span class=\"display-3\">belle<\/span><br \/>\net <span class=\"display-3\">intemporelle<\/span><\/h1>\n<p>La pierre de Luserne b\u00e9n\u00e9ficie d&rsquo;une <strong class=\"color-primary\">r\u00e9sistance et d&rsquo;une durabilit\u00e9<\/strong> \u00e9lev\u00e9es, ce qui a favoris\u00e9 son emploi dans une multitude de r\u00e9alisations : <strong class=\"color-primary\">pavages<\/strong> de grandes surfaces et <strong class=\"color-primary\">urbain<\/strong>, apportant personnalit\u00e9 et prestige aux d\u00e9tails : bordures de trottoir ; balcons et modillons ; pav\u00e9s et mosa\u00efques ; bancs ; portails ; escaliers et appuis de fen\u00eatre ; bords de piscine&#8230;<\/p>\n","protected":false},"excerpt":{"rendered":"<p>Une pierre belle et intemporelle La pierre de Luserne b\u00e9n\u00e9ficie d&rsquo;une r\u00e9sistance et d&rsquo;une durabilit\u00e9 \u00e9lev\u00e9es, ce qui a favoris\u00e9 [&hellip;]<\/p>\n","protected":false},"author":1,"featured_media":194,"parent":2190,"menu_order":0,"comment_status":"closed","ping_status":"closed","template":"tmp-interne-pietra-di-luserna.php","meta":{"_acf_changed":false,"footnotes":""},"class_list":["post-2197","page","type-page","status-publish","has-post-thumbnail","hentry"],"acf":[],"_links":{"self":[{"href":"https:\/\/www.beltramofratelli.com\/fr\/wp-json\/wp\/v2\/pages\/2197","targetHints":{"allow":["GET"]}}],"collection":[{"href":"https:\/\/www.beltramofratelli.com\/fr\/wp-json\/wp\/v2\/pages"}],"about":[{"href":"https:\/\/www.beltramofratelli.com\/fr\/wp-json\/wp\/v2\/types\/page"}],"author":[{"embeddable":true,"href":"https:\/\/www.beltramofratelli.com\/fr\/wp-json\/wp\/v2\/users\/1"}],"replies":[{"embeddable":true,"href":"https:\/\/www.beltramofratelli.com\/fr\/wp-json\/wp\/v2\/comments?post=2197"}],"version-history":[{"count":3,"href":"https:\/\/www.beltramofratelli.com\/fr\/wp-json\/wp\/v2\/pages\/2197\/revisions"}],"predecessor-version":[{"id":2209,"href":"https:\/\/www.beltramofratelli.com\/fr\/wp-json\/wp\/v2\/pages\/2197\/revisions\/2209"}],"up":[{"embeddable":true,"href":"https:\/\/www.beltramofratelli.com\/fr\/wp-json\/wp\/v2\/pages\/2190"}],"wp:featuredmedia":[{"embeddable":true,"href":"https:\/\/www.beltramofratelli.com\/fr\/wp-json\/wp\/v2\/media\/194"}],"wp:attachment":[{"href":"https:\/\/www.beltramofratelli.com\/fr\/wp-json\/wp\/v2\/media?parent=2197"}],"curies":[{"name":"wp","href":"https:\/\/api.w.org\/{rel}","templated":true}]}}