{"id":2190,"date":"2026-03-30T16:09:45","date_gmt":"2026-03-30T14:09:45","guid":{"rendered":"https:\/\/www.beltramofratelli.com\/?page_id=2190"},"modified":"2026-03-30T16:13:38","modified_gmt":"2026-03-30T14:13:38","slug":"la-pierre-de-luserne","status":"publish","type":"page","link":"https:\/\/www.beltramofratelli.com\/fr\/la-pierre-de-luserne\/","title":{"rendered":"La Pierre de Luserne"},"content":{"rendered":"<h1 class=\"mb-4\" data-aos=\"fade\" data-aos-duration=\"1000\" data-aos-delay=\"500\">Un art <span class=\"display-3\">intemporel<\/span><br \/>\n&nbsp;&nbsp;pour un design <span class=\"display-3\">moderne<\/span><\/h1>\n<p data-aos=\"fade\" data-aos-duration=\"1000\" data-aos-delay=\"500\">La pierre est froide.<br \/>\nPourtant, celui qui en per\u00e7oit le souffle et la chaleur est capable de la transformer en \u0153uvre d&rsquo;art, mettant en lumi\u00e8re un dessin parfait que le temps a gard\u00e9 au c\u0153ur de la montagne.<\/p>\n","protected":false},"excerpt":{"rendered":"<p>Un art intemporel &nbsp;&nbsp;pour un design moderne La pierre est froide. Pourtant, celui qui en per\u00e7oit le souffle et la [&hellip;]<\/p>\n","protected":false},"author":1,"featured_media":212,"parent":0,"menu_order":0,"comment_status":"closed","ping_status":"closed","template":"tmp-pietra-di-luserna.php","meta":{"_acf_changed":false,"footnotes":""},"class_list":["post-2190","page","type-page","status-publish","has-post-thumbnail","hentry"],"acf":[],"_links":{"self":[{"href":"https:\/\/www.beltramofratelli.com\/fr\/wp-json\/wp\/v2\/pages\/2190","targetHints":{"allow":["GET"]}}],"collection":[{"href":"https:\/\/www.beltramofratelli.com\/fr\/wp-json\/wp\/v2\/pages"}],"about":[{"href":"https:\/\/www.beltramofratelli.com\/fr\/wp-json\/wp\/v2\/types\/page"}],"author":[{"embeddable":true,"href":"https:\/\/www.beltramofratelli.com\/fr\/wp-json\/wp\/v2\/users\/1"}],"replies":[{"embeddable":true,"href":"https:\/\/www.beltramofratelli.com\/fr\/wp-json\/wp\/v2\/comments?post=2190"}],"version-history":[{"count":3,"href":"https:\/\/www.beltramofratelli.com\/fr\/wp-json\/wp\/v2\/pages\/2190\/revisions"}],"predecessor-version":[{"id":2193,"href":"https:\/\/www.beltramofratelli.com\/fr\/wp-json\/wp\/v2\/pages\/2190\/revisions\/2193"}],"wp:featuredmedia":[{"embeddable":true,"href":"https:\/\/www.beltramofratelli.com\/fr\/wp-json\/wp\/v2\/media\/212"}],"wp:attachment":[{"href":"https:\/\/www.beltramofratelli.com\/fr\/wp-json\/wp\/v2\/media?parent=2190"}],"curies":[{"name":"wp","href":"https:\/\/api.w.org\/{rel}","templated":true}]}}